{"id":9062,"date":"2018-05-24T08:20:43","date_gmt":"2018-05-24T08:20:43","guid":{"rendered":"https:\/\/octopuspms.dk\/cookie-politik\/"},"modified":"2018-05-24T08:20:43","modified_gmt":"2018-05-24T08:20:43","slug":"cookie-politik","status":"publish","type":"page","link":"https:\/\/octopuspms.dk\/en\/cookie-politik\/","title":{"rendered":"Cookie policy"},"content":{"rendered":"<p>This site uses cookies \u2013 small text files that are placed on your machine to help us give you a better experience when you visit us. In general, cookies are used to recognize you when you visit us again and can help, for example, remember the contents of a shopping cart and provide completely anonymous data to 3rd party applications such as Google Analytics. Cookies will make your browsing experience better. If you do not want to receive cookies, you can turn them off. The most effective way to do this is to turn cookies off in your browser. You can read more about Danish legislation on cookies at <a href=\"https:\/\/erhvervsstyrelsen.dk\/lovgivning-og-vejledning-til-cookiebekendtgoerelsen\">The Danish Trade and Industry Authority<\/a> <\/p>","protected":false},"excerpt":{"rendered":"<p>Denne side anvender cookies &#8211; sm\u00e5 tekstfiler der l\u00e6gges p\u00e5 din maskine for at hj\u00e6lpe os med at give dig en bedre oplevelse n\u00e5r du bes\u00f8ger os. Generelt bruges cookies til at genkende dig n\u00e5r du bes\u00f8ger os igen og kan hj\u00e6lpe med fx. at huske indholdet i en indk\u00f8bskurv og levere helt anonyme data [&hellip;]<\/p>\n","protected":false},"author":65,"featured_media":0,"parent":0,"menu_order":0,"comment_status":"closed","ping_status":"closed","template":"","meta":{"footnotes":""},"class_list":["post-9062","page","type-page","status-publish","hentry"],"yoast_head":"<!-- This site is optimized with the Yoast SEO plugin v25.3 - https:\/\/yoast.com\/wordpress\/plugins\/seo\/ -->\n<title>Cookie politik - OCTOPUS PMS<\/title>\n<meta name=\"robots\" content=\"index, follow, max-snippet:-1, max-image-preview:large, max-video-preview:-1\" \/>\n<link rel=\"canonical\" href=\"https:\/\/octopuspms.dk\/en\/cookie-politik\/\" \/>\n<meta property=\"og:locale\" content=\"en_GB\" \/>\n<meta property=\"og:type\" content=\"article\" \/>\n<meta property=\"og:title\" content=\"Cookie politik - OCTOPUS PMS\" \/>\n<meta property=\"og:description\" content=\"Denne side anvender cookies &#8211; sm\u00e5 tekstfiler der l\u00e6gges p\u00e5 din maskine for at hj\u00e6lpe os med at give dig en bedre oplevelse n\u00e5r du bes\u00f8ger os. Generelt bruges cookies til at genkende dig n\u00e5r du bes\u00f8ger os igen og kan hj\u00e6lpe med fx. at huske indholdet i en indk\u00f8bskurv og levere helt anonyme data [&hellip;]\" \/>\n<meta property=\"og:url\" content=\"https:\/\/octopuspms.dk\/en\/cookie-politik\/\" \/>\n<meta property=\"og:site_name\" content=\"OCTOPUS PMS\" \/>\n<meta name=\"twitter:card\" content=\"summary_large_image\" \/>\n<meta name=\"twitter:label1\" content=\"Estimated reading time\" \/>\n\t<meta name=\"twitter:data1\" content=\"1 minute\" \/>\n<script type=\"application\/ld+json\" class=\"yoast-schema-graph\">{\"@context\":\"https:\/\/schema.org\",\"@graph\":[{\"@type\":\"WebPage\",\"@id\":\"https:\/\/octopuspms.dk\/cookie-politik\/\",\"url\":\"https:\/\/octopuspms.dk\/cookie-politik\/\",\"name\":\"Cookie politik - OCTOPUS PMS\",\"isPartOf\":{\"@id\":\"https:\/\/octopuspms.dk\/#website\"},\"datePublished\":\"2018-05-24T08:20:43+00:00\",\"breadcrumb\":{\"@id\":\"https:\/\/octopuspms.dk\/cookie-politik\/#breadcrumb\"},\"inLanguage\":\"en-GB\",\"potentialAction\":[{\"@type\":\"ReadAction\",\"target\":[\"https:\/\/octopuspms.dk\/cookie-politik\/\"]}]},{\"@type\":\"BreadcrumbList\",\"@id\":\"https:\/\/octopuspms.dk\/cookie-politik\/#breadcrumb\",\"itemListElement\":[{\"@type\":\"ListItem\",\"position\":1,\"name\":\"Hjem\",\"item\":\"https:\/\/octopuspms.dk\/\"},{\"@type\":\"ListItem\",\"position\":2,\"name\":\"Cookie politik\"}]},{\"@type\":\"WebSite\",\"@id\":\"https:\/\/octopuspms.dk\/#website\",\"url\":\"https:\/\/octopuspms.dk\/\",\"name\":\"OCTOPUS PMS\",\"description\":\"\",\"publisher\":{\"@id\":\"https:\/\/octopuspms.dk\/#organization\"},\"potentialAction\":[{\"@type\":\"SearchAction\",\"target\":{\"@type\":\"EntryPoint\",\"urlTemplate\":\"https:\/\/octopuspms.dk\/?s={search_term_string}\"},\"query-input\":{\"@type\":\"PropertyValueSpecification\",\"valueRequired\":true,\"valueName\":\"search_term_string\"}}],\"inLanguage\":\"en-GB\"},{\"@type\":\"Organization\",\"@id\":\"https:\/\/octopuspms.dk\/#organization\",\"name\":\"OCTOPUS PMS\",\"url\":\"https:\/\/octopuspms.dk\/\",\"logo\":{\"@type\":\"ImageObject\",\"inLanguage\":\"en-GB\",\"@id\":\"https:\/\/octopuspms.dk\/#\/schema\/logo\/image\/\",\"url\":\"https:\/\/octopuspms.dk\/wp-content\/uploads\/2020\/03\/admin-ajax-1.png\",\"contentUrl\":\"https:\/\/octopuspms.dk\/wp-content\/uploads\/2020\/03\/admin-ajax-1.png\",\"width\":300,\"height\":94,\"caption\":\"OCTOPUS PMS\"},\"image\":{\"@id\":\"https:\/\/octopuspms.dk\/#\/schema\/logo\/image\/\"}}]}<\/script>\n<!-- \/ Yoast SEO plugin. -->","yoast_head_json":{"title":"Cookie policy - OCTOPUS PMS","robots":{"index":"index","follow":"follow","max-snippet":"max-snippet:-1","max-image-preview":"max-image-preview:large","max-video-preview":"max-video-preview:-1"},"canonical":"https:\/\/octopuspms.dk\/en\/cookie-politik\/","og_locale":"en_GB","og_type":"article","og_title":"Cookie politik - OCTOPUS PMS","og_description":"Denne side anvender cookies &#8211; sm\u00e5 tekstfiler der l\u00e6gges p\u00e5 din maskine for at hj\u00e6lpe os med at give dig en bedre oplevelse n\u00e5r du bes\u00f8ger os. Generelt bruges cookies til at genkende dig n\u00e5r du bes\u00f8ger os igen og kan hj\u00e6lpe med fx. at huske indholdet i en indk\u00f8bskurv og levere helt anonyme data [&hellip;]","og_url":"https:\/\/octopuspms.dk\/en\/cookie-politik\/","og_site_name":"OCTOPUS PMS","twitter_card":"summary_large_image","twitter_misc":{"Estimated reading time":"1 minute"},"schema":{"@context":"https:\/\/schema.org","@graph":[{"@type":"WebPage","@id":"https:\/\/octopuspms.dk\/cookie-politik\/","url":"https:\/\/octopuspms.dk\/cookie-politik\/","name":"Cookie policy - OCTOPUS PMS","isPartOf":{"@id":"https:\/\/octopuspms.dk\/#website"},"datePublished":"2018-05-24T08:20:43+00:00","breadcrumb":{"@id":"https:\/\/octopuspms.dk\/cookie-politik\/#breadcrumb"},"inLanguage":"en-GB","potentialAction":[{"@type":"ReadAction","target":["https:\/\/octopuspms.dk\/cookie-politik\/"]}]},{"@type":"BreadcrumbList","@id":"https:\/\/octopuspms.dk\/cookie-politik\/#breadcrumb","itemListElement":[{"@type":"ListItem","position":1,"name":"Hjem","item":"https:\/\/octopuspms.dk\/"},{"@type":"ListItem","position":2,"name":"Cookie politik"}]},{"@type":"WebSite","@id":"https:\/\/octopuspms.dk\/#website","url":"https:\/\/octopuspms.dk\/","name":"OCTOPUS PMS","description":"","publisher":{"@id":"https:\/\/octopuspms.dk\/#organization"},"potentialAction":[{"@type":"SearchAction","target":{"@type":"EntryPoint","urlTemplate":"https:\/\/octopuspms.dk\/?s={search_term_string}"},"query-input":{"@type":"PropertyValueSpecification","valueRequired":true,"valueName":"search_term_string"}}],"inLanguage":"en-GB"},{"@type":"Organization","@id":"https:\/\/octopuspms.dk\/#organization","name":"OCTOPUS PMS","url":"https:\/\/octopuspms.dk\/","logo":{"@type":"ImageObject","inLanguage":"en-GB","@id":"https:\/\/octopuspms.dk\/#\/schema\/logo\/image\/","url":"https:\/\/octopuspms.dk\/wp-content\/uploads\/2020\/03\/admin-ajax-1.png","contentUrl":"https:\/\/octopuspms.dk\/wp-content\/uploads\/2020\/03\/admin-ajax-1.png","width":300,"height":94,"caption":"OCTOPUS PMS"},"image":{"@id":"https:\/\/octopuspms.dk\/#\/schema\/logo\/image\/"}}]}},"_links":{"self":[{"href":"https:\/\/octopuspms.dk\/en\/wp-json\/wp\/v2\/pages\/9062","targetHints":{"allow":["GET"]}}],"collection":[{"href":"https:\/\/octopuspms.dk\/en\/wp-json\/wp\/v2\/pages"}],"about":[{"href":"https:\/\/octopuspms.dk\/en\/wp-json\/wp\/v2\/types\/page"}],"author":[{"embeddable":true,"href":"https:\/\/octopuspms.dk\/en\/wp-json\/wp\/v2\/users\/65"}],"replies":[{"embeddable":true,"href":"https:\/\/octopuspms.dk\/en\/wp-json\/wp\/v2\/comments?post=9062"}],"version-history":[{"count":0,"href":"https:\/\/octopuspms.dk\/en\/wp-json\/wp\/v2\/pages\/9062\/revisions"}],"wp:attachment":[{"href":"https:\/\/octopuspms.dk\/en\/wp-json\/wp\/v2\/media?parent=9062"}],"curies":[{"name":"wp","href":"https:\/\/api.w.org\/{rel}","templated":true}]}}