{"id":7147,"date":"2018-01-09T18:20:09","date_gmt":"2018-01-09T18:20:09","guid":{"rendered":"https:\/\/octopuspms.dk\/?page_id=7147"},"modified":"2020-09-16T12:21:08","modified_gmt":"2020-09-16T12:21:08","slug":"404-2","status":"publish","type":"page","link":"https:\/\/octopuspms.dk\/en\/404-2\/","title":{"rendered":"404"},"content":{"rendered":"<div data-elementor-type=\"wp-post\" data-elementor-id=\"7147\" class=\"elementor elementor-7147\" data-elementor-settings=\"{&quot;ha_cmc_init_switcher&quot;:&quot;no&quot;}\" data-elementor-post-type=\"page\">\n\t\t\t\t\t\t<section class=\"elementor-section elementor-top-section elementor-element elementor-element-105e939 elementor-section-stretched elementor-section-boxed elementor-section-height-default elementor-section-height-default\" data-id=\"105e939\" data-element_type=\"section\" data-settings=\"{&quot;stretch_section&quot;:&quot;section-stretched&quot;,&quot;_ha_eqh_enable&quot;:false}\">\n\t\t\t\t\t\t<div class=\"elementor-container elementor-column-gap-default\">\n\t\t\t\t\t<div class=\"elementor-column elementor-col-100 elementor-top-column elementor-element elementor-element-ad8cfe9\" data-id=\"ad8cfe9\" data-element_type=\"column\">\n\t\t\t<div class=\"elementor-widget-wrap elementor-element-populated\">\n\t\t\t\t\t\t<div class=\"elementor-element elementor-element-4ad9146 elementor-widget elementor-widget-image\" data-id=\"4ad9146\" data-element_type=\"widget\" data-widget_type=\"image.default\">\n\t\t\t\t<div class=\"elementor-widget-container\">\n\t\t\t\t\t\t\t\t\t\t\t\t\t\t\t<img decoding=\"async\" width=\"300\" height=\"115\" src=\"https:\/\/octopuspms.dk\/wp-content\/uploads\/2018\/01\/OCTOPUS_Arm-med-moent-1.png\" class=\"attachment-medium size-medium wp-image-7154\" alt=\"\" srcset=\"https:\/\/octopuspms.dk\/wp-content\/uploads\/2018\/01\/OCTOPUS_Arm-med-moent-1.png 500w, https:\/\/octopuspms.dk\/wp-content\/uploads\/2018\/01\/OCTOPUS_Arm-med-moent-1-400x0.png 400w\" sizes=\"(max-width: 300px) 100vw, 300px\" \/>\t\t\t\t\t\t\t\t\t\t\t\t\t\t\t<\/div>\n\t\t\t\t<\/div>\n\t\t\t\t<div class=\"elementor-element elementor-element-10d7537 elementor-widget elementor-widget-heading\" data-id=\"10d7537\" data-element_type=\"widget\" data-widget_type=\"heading.default\">\n\t\t\t\t<div class=\"elementor-widget-container\">\n\t\t\t\t\t<h4 class=\"elementor-heading-title elementor-size-default\">This page does not exist - let us help you further:<\/h4>\t\t\t\t<\/div>\n\t\t\t\t<\/div>\n\t\t\t\t<div class=\"elementor-element elementor-element-19b0082 elementor-align-center elementor-widget elementor-widget-button\" data-id=\"19b0082\" data-element_type=\"widget\" data-widget_type=\"button.default\">\n\t\t\t\t<div class=\"elementor-widget-container\">\n\t\t\t\t\t\t\t\t\t<div class=\"elementor-button-wrapper\">\n\t\t\t\t\t<a class=\"elementor-button elementor-button-link elementor-size-md\" href=\"\">\n\t\t\t\t\t\t<span class=\"elementor-button-content-wrapper\">\n\t\t\t\t\t\t\t\t\t<span class=\"elementor-button-text\">Go back<\/span>\n\t\t\t\t\t<\/span>\n\t\t\t\t\t<\/a>\n\t\t\t\t<\/div>\n\t\t\t\t\t\t\t\t<\/div>\n\t\t\t\t<\/div>\n\t\t\t\t<div class=\"elementor-element elementor-element-296ced2 elementor-align-center elementor-widget elementor-widget-button\" data-id=\"296ced2\" data-element_type=\"widget\" data-widget_type=\"button.default\">\n\t\t\t\t<div class=\"elementor-widget-container\">\n\t\t\t\t\t\t\t\t\t<div class=\"elementor-button-wrapper\">\n\t\t\t\t\t<a class=\"elementor-button elementor-button-link elementor-size-md\" href=\"http:\/\/octopuspms.dk\/en\/\">\n\t\t\t\t\t\t<span class=\"elementor-button-content-wrapper\">\n\t\t\t\t\t\t\t\t\t<span class=\"elementor-button-text\">Go to the front page<\/span>\n\t\t\t\t\t<\/span>\n\t\t\t\t\t<\/a>\n\t\t\t\t<\/div>\n\t\t\t\t\t\t\t\t<\/div>\n\t\t\t\t<\/div>\n\t\t\t\t<div class=\"elementor-element elementor-element-1caeef0 elementor-widget elementor-widget-text-editor\" data-id=\"1caeef0\" data-element_type=\"widget\" data-widget_type=\"text-editor.default\">\n\t\t\t\t<div class=\"elementor-widget-container\">\n\t\t\t\t\t\t\t\t\t<p style=\"text-align: center;\">Contact us by phone <strong><span style=\"color: #0086bd;\">+45 73 700 100<\/span>\u00a0<\/strong>if you have any questions or need further assistance.<\/p>\t\t\t\t\t\t\t\t<\/div>\n\t\t\t\t<\/div>\n\t\t\t\t\t<\/div>\n\t\t<\/div>\n\t\t\t\t\t<\/div>\n\t\t<\/section>\n\t\t\t\t<\/div>","protected":false},"excerpt":{"rendered":"<p>Denne side findes ikke \u2013 lad os hj\u00e6lpe dig videre: G\u00e5 tilbage G\u00e5 til forsiden Kontakt os p\u00e5 telefon +45 73 700 100\u00a0hvis du har sp\u00f8rgsm\u00e5l eller brug for yderligere hj\u00e6lp.<\/p>","protected":false},"author":65,"featured_media":0,"parent":0,"menu_order":0,"comment_status":"closed","ping_status":"closed","template":"elementor_canvas","meta":{"footnotes":""},"class_list":["post-7147","page","type-page","status-publish","hentry"],"yoast_head":"<!-- This site is optimized with the Yoast SEO plugin v25.3 - https:\/\/yoast.com\/wordpress\/plugins\/seo\/ -->\n<title>404 - OCTOPUS PMS<\/title>\n<meta name=\"robots\" content=\"index, follow, max-snippet:-1, max-image-preview:large, max-video-preview:-1\" \/>\n<link rel=\"canonical\" href=\"https:\/\/octopuspms.dk\/en\/404-2\/\" \/>\n<meta property=\"og:locale\" content=\"en_GB\" \/>\n<meta property=\"og:type\" content=\"article\" \/>\n<meta property=\"og:title\" content=\"404 - OCTOPUS PMS\" \/>\n<meta property=\"og:description\" content=\"Denne side findes ikke \u2013 lad os hj\u00e6lpe dig videre: G\u00e5 tilbage G\u00e5 til forsiden Kontakt os p\u00e5 telefon +45 73 700 100\u00a0hvis du har sp\u00f8rgsm\u00e5l eller brug for yderligere hj\u00e6lp.\" \/>\n<meta property=\"og:url\" content=\"https:\/\/octopuspms.dk\/en\/404-2\/\" \/>\n<meta property=\"og:site_name\" content=\"OCTOPUS PMS\" \/>\n<meta property=\"article:modified_time\" content=\"2020-09-16T12:21:08+00:00\" \/>\n<meta property=\"og:image\" content=\"https:\/\/octopuspms.dk\/wp-content\/uploads\/2018\/01\/OCTOPUS_Arm-med-moent-1.png\" \/>\n<meta name=\"twitter:card\" content=\"summary_large_image\" \/>\n<script type=\"application\/ld+json\" class=\"yoast-schema-graph\">{\"@context\":\"https:\/\/schema.org\",\"@graph\":[{\"@type\":\"WebPage\",\"@id\":\"https:\/\/octopuspms.dk\/404-2\/\",\"url\":\"https:\/\/octopuspms.dk\/404-2\/\",\"name\":\"404 - OCTOPUS PMS\",\"isPartOf\":{\"@id\":\"https:\/\/octopuspms.dk\/#website\"},\"primaryImageOfPage\":{\"@id\":\"https:\/\/octopuspms.dk\/404-2\/#primaryimage\"},\"image\":{\"@id\":\"https:\/\/octopuspms.dk\/404-2\/#primaryimage\"},\"thumbnailUrl\":\"https:\/\/octopuspms.dk\/wp-content\/uploads\/2018\/01\/OCTOPUS_Arm-med-moent-1.png\",\"datePublished\":\"2018-01-09T18:20:09+00:00\",\"dateModified\":\"2020-09-16T12:21:08+00:00\",\"breadcrumb\":{\"@id\":\"https:\/\/octopuspms.dk\/404-2\/#breadcrumb\"},\"inLanguage\":\"en-GB\",\"potentialAction\":[{\"@type\":\"ReadAction\",\"target\":[\"https:\/\/octopuspms.dk\/404-2\/\"]}]},{\"@type\":\"ImageObject\",\"inLanguage\":\"en-GB\",\"@id\":\"https:\/\/octopuspms.dk\/404-2\/#primaryimage\",\"url\":\"https:\/\/octopuspms.dk\/wp-content\/uploads\/2018\/01\/OCTOPUS_Arm-med-moent-1.png\",\"contentUrl\":\"https:\/\/octopuspms.dk\/wp-content\/uploads\/2018\/01\/OCTOPUS_Arm-med-moent-1.png\"},{\"@type\":\"BreadcrumbList\",\"@id\":\"https:\/\/octopuspms.dk\/404-2\/#breadcrumb\",\"itemListElement\":[{\"@type\":\"ListItem\",\"position\":1,\"name\":\"Hjem\",\"item\":\"https:\/\/octopuspms.dk\/\"},{\"@type\":\"ListItem\",\"position\":2,\"name\":\"404\"}]},{\"@type\":\"WebSite\",\"@id\":\"https:\/\/octopuspms.dk\/#website\",\"url\":\"https:\/\/octopuspms.dk\/\",\"name\":\"OCTOPUS PMS\",\"description\":\"\",\"publisher\":{\"@id\":\"https:\/\/octopuspms.dk\/#organization\"},\"potentialAction\":[{\"@type\":\"SearchAction\",\"target\":{\"@type\":\"EntryPoint\",\"urlTemplate\":\"https:\/\/octopuspms.dk\/?s={search_term_string}\"},\"query-input\":{\"@type\":\"PropertyValueSpecification\",\"valueRequired\":true,\"valueName\":\"search_term_string\"}}],\"inLanguage\":\"en-GB\"},{\"@type\":\"Organization\",\"@id\":\"https:\/\/octopuspms.dk\/#organization\",\"name\":\"OCTOPUS PMS\",\"url\":\"https:\/\/octopuspms.dk\/\",\"logo\":{\"@type\":\"ImageObject\",\"inLanguage\":\"en-GB\",\"@id\":\"https:\/\/octopuspms.dk\/#\/schema\/logo\/image\/\",\"url\":\"https:\/\/octopuspms.dk\/wp-content\/uploads\/2020\/03\/admin-ajax-1.png\",\"contentUrl\":\"https:\/\/octopuspms.dk\/wp-content\/uploads\/2020\/03\/admin-ajax-1.png\",\"width\":300,\"height\":94,\"caption\":\"OCTOPUS PMS\"},\"image\":{\"@id\":\"https:\/\/octopuspms.dk\/#\/schema\/logo\/image\/\"}}]}<\/script>\n<!-- \/ Yoast SEO plugin. -->","yoast_head_json":{"title":"404 - OCTOPUS PMS","robots":{"index":"index","follow":"follow","max-snippet":"max-snippet:-1","max-image-preview":"max-image-preview:large","max-video-preview":"max-video-preview:-1"},"canonical":"https:\/\/octopuspms.dk\/en\/404-2\/","og_locale":"en_GB","og_type":"article","og_title":"404 - OCTOPUS PMS","og_description":"Denne side findes ikke \u2013 lad os hj\u00e6lpe dig videre: G\u00e5 tilbage G\u00e5 til forsiden Kontakt os p\u00e5 telefon +45 73 700 100\u00a0hvis du har sp\u00f8rgsm\u00e5l eller brug for yderligere hj\u00e6lp.","og_url":"https:\/\/octopuspms.dk\/en\/404-2\/","og_site_name":"OCTOPUS PMS","article_modified_time":"2020-09-16T12:21:08+00:00","og_image":[{"url":"https:\/\/octopuspms.dk\/wp-content\/uploads\/2018\/01\/OCTOPUS_Arm-med-moent-1.png","type":"","width":"","height":""}],"twitter_card":"summary_large_image","schema":{"@context":"https:\/\/schema.org","@graph":[{"@type":"WebPage","@id":"https:\/\/octopuspms.dk\/404-2\/","url":"https:\/\/octopuspms.dk\/404-2\/","name":"404 - OCTOPUS PMS","isPartOf":{"@id":"https:\/\/octopuspms.dk\/#website"},"primaryImageOfPage":{"@id":"https:\/\/octopuspms.dk\/404-2\/#primaryimage"},"image":{"@id":"https:\/\/octopuspms.dk\/404-2\/#primaryimage"},"thumbnailUrl":"https:\/\/octopuspms.dk\/wp-content\/uploads\/2018\/01\/OCTOPUS_Arm-med-moent-1.png","datePublished":"2018-01-09T18:20:09+00:00","dateModified":"2020-09-16T12:21:08+00:00","breadcrumb":{"@id":"https:\/\/octopuspms.dk\/404-2\/#breadcrumb"},"inLanguage":"en-GB","potentialAction":[{"@type":"ReadAction","target":["https:\/\/octopuspms.dk\/404-2\/"]}]},{"@type":"ImageObject","inLanguage":"en-GB","@id":"https:\/\/octopuspms.dk\/404-2\/#primaryimage","url":"https:\/\/octopuspms.dk\/wp-content\/uploads\/2018\/01\/OCTOPUS_Arm-med-moent-1.png","contentUrl":"https:\/\/octopuspms.dk\/wp-content\/uploads\/2018\/01\/OCTOPUS_Arm-med-moent-1.png"},{"@type":"BreadcrumbList","@id":"https:\/\/octopuspms.dk\/404-2\/#breadcrumb","itemListElement":[{"@type":"ListItem","position":1,"name":"Hjem","item":"https:\/\/octopuspms.dk\/"},{"@type":"ListItem","position":2,"name":"404"}]},{"@type":"WebSite","@id":"https:\/\/octopuspms.dk\/#website","url":"https:\/\/octopuspms.dk\/","name":"OCTOPUS PMS","description":"","publisher":{"@id":"https:\/\/octopuspms.dk\/#organization"},"potentialAction":[{"@type":"SearchAction","target":{"@type":"EntryPoint","urlTemplate":"https:\/\/octopuspms.dk\/?s={search_term_string}"},"query-input":{"@type":"PropertyValueSpecification","valueRequired":true,"valueName":"search_term_string"}}],"inLanguage":"en-GB"},{"@type":"Organization","@id":"https:\/\/octopuspms.dk\/#organization","name":"OCTOPUS PMS","url":"https:\/\/octopuspms.dk\/","logo":{"@type":"ImageObject","inLanguage":"en-GB","@id":"https:\/\/octopuspms.dk\/#\/schema\/logo\/image\/","url":"https:\/\/octopuspms.dk\/wp-content\/uploads\/2020\/03\/admin-ajax-1.png","contentUrl":"https:\/\/octopuspms.dk\/wp-content\/uploads\/2020\/03\/admin-ajax-1.png","width":300,"height":94,"caption":"OCTOPUS PMS"},"image":{"@id":"https:\/\/octopuspms.dk\/#\/schema\/logo\/image\/"}}]}},"_links":{"self":[{"href":"https:\/\/octopuspms.dk\/en\/wp-json\/wp\/v2\/pages\/7147","targetHints":{"allow":["GET"]}}],"collection":[{"href":"https:\/\/octopuspms.dk\/en\/wp-json\/wp\/v2\/pages"}],"about":[{"href":"https:\/\/octopuspms.dk\/en\/wp-json\/wp\/v2\/types\/page"}],"author":[{"embeddable":true,"href":"https:\/\/octopuspms.dk\/en\/wp-json\/wp\/v2\/users\/65"}],"replies":[{"embeddable":true,"href":"https:\/\/octopuspms.dk\/en\/wp-json\/wp\/v2\/comments?post=7147"}],"version-history":[{"count":0,"href":"https:\/\/octopuspms.dk\/en\/wp-json\/wp\/v2\/pages\/7147\/revisions"}],"wp:attachment":[{"href":"https:\/\/octopuspms.dk\/en\/wp-json\/wp\/v2\/media?parent=7147"}],"curies":[{"name":"wp","href":"https:\/\/api.w.org\/{rel}","templated":true}]}}