{"id":5529,"date":"2017-12-28T20:47:49","date_gmt":"2017-12-28T20:47:49","guid":{"rendered":"http:\/\/hotelboss.allerupogco.dk\/?page_id=5529"},"modified":"2025-09-11T08:37:31","modified_gmt":"2025-09-11T06:37:31","slug":"download","status":"publish","type":"page","link":"https:\/\/octopuspms.dk\/en\/download\/","title":{"rendered":"Politics, Software &amp; Supplier Service"},"content":{"rendered":"<div data-elementor-type=\"wp-post\" data-elementor-id=\"5529\" class=\"elementor elementor-5529\" data-elementor-settings=\"{&quot;ha_cmc_init_switcher&quot;:&quot;no&quot;}\" data-elementor-post-type=\"page\">\n\t\t\t\t\t\t<section class=\"elementor-section elementor-top-section elementor-element elementor-element-0dcb860 elementor-section-boxed elementor-section-height-default elementor-section-height-default\" data-id=\"0dcb860\" data-element_type=\"section\" data-settings=\"{&quot;_ha_eqh_enable&quot;:false}\">\n\t\t\t\t\t\t<div class=\"elementor-container elementor-column-gap-default\">\n\t\t\t\t\t<div class=\"elementor-column elementor-col-100 elementor-top-column elementor-element elementor-element-b937bad\" data-id=\"b937bad\" data-element_type=\"column\">\n\t\t\t<div class=\"elementor-widget-wrap elementor-element-populated\">\n\t\t\t\t\t\t<div class=\"elementor-element elementor-element-dec3c49 elementor-widget elementor-widget-heading\" data-id=\"dec3c49\" data-element_type=\"widget\" data-widget_type=\"heading.default\">\n\t\t\t\t<div class=\"elementor-widget-container\">\n\t\t\t\t\t<h2 class=\"elementor-heading-title elementor-size-default\">Software<\/h2>\t\t\t\t<\/div>\n\t\t\t\t<\/div>\n\t\t\t\t<div class=\"elementor-element elementor-element-3e5d9eb elementor-align-center elementor-widget elementor-widget-button\" data-id=\"3e5d9eb\" data-element_type=\"widget\" data-widget_type=\"button.default\">\n\t\t\t\t<div class=\"elementor-widget-container\">\n\t\t\t\t\t\t\t\t\t<div class=\"elementor-button-wrapper\">\n\t\t\t\t\t<a class=\"elementor-button elementor-button-link elementor-size-md\" href=\"https:\/\/app.octopuspms.dk\/#\/\">\n\t\t\t\t\t\t<span class=\"elementor-button-content-wrapper\">\n\t\t\t\t\t\t\t\t\t<span class=\"elementor-button-text\">GO TO WEB APP<\/span>\n\t\t\t\t\t<\/span>\n\t\t\t\t\t<\/a>\n\t\t\t\t<\/div>\n\t\t\t\t\t\t\t\t<\/div>\n\t\t\t\t<\/div>\n\t\t\t\t<div class=\"elementor-element elementor-element-b802e90 elementor-widget elementor-widget-text-editor\" data-id=\"b802e90\" data-element_type=\"widget\" data-widget_type=\"text-editor.default\">\n\t\t\t\t<div class=\"elementor-widget-container\">\n\t\t\t\t\t\t\t\t\t<p style=\"text-align: center;\">The entire OCTOPUS system can be accessed via the browser \u2013 and can therefore be used from mobile phones, tablets, Apple products, etc.<br>NOTE: The web app will always have the latest updates and improvements.<\/p>\t\t\t\t\t\t\t\t<\/div>\n\t\t\t\t<\/div>\n\t\t\t\t\t<\/div>\n\t\t<\/div>\n\t\t\t\t\t<\/div>\n\t\t<\/section>\n\t\t\t\t<section class=\"elementor-section elementor-top-section elementor-element elementor-element-4d5b252 elementor-section-boxed elementor-section-height-default elementor-section-height-default\" data-id=\"4d5b252\" data-element_type=\"section\" data-settings=\"{&quot;_ha_eqh_enable&quot;:false}\">\n\t\t\t\t\t\t<div class=\"elementor-container elementor-column-gap-default\">\n\t\t\t\t\t<div class=\"elementor-column elementor-col-100 elementor-top-column elementor-element elementor-element-7edd351\" data-id=\"7edd351\" data-element_type=\"column\">\n\t\t\t<div class=\"elementor-widget-wrap elementor-element-populated\">\n\t\t\t\t\t\t<div class=\"elementor-element elementor-element-acdc09c elementor-widget elementor-widget-heading\" data-id=\"acdc09c\" data-element_type=\"widget\" data-widget_type=\"heading.default\">\n\t\t\t\t<div class=\"elementor-widget-container\">\n\t\t\t\t\t<h2 class=\"elementor-heading-title elementor-size-default\">Terms &amp; Policies<\/h2>\t\t\t\t<\/div>\n\t\t\t\t<\/div>\n\t\t\t\t\t<\/div>\n\t\t<\/div>\n\t\t\t\t\t<\/div>\n\t\t<\/section>\n\t\t\t\t<section class=\"elementor-section elementor-top-section elementor-element elementor-element-6d0dbd9 elementor-section-full_width elementor-section-content-middle elementor-section-height-default elementor-section-height-default\" data-id=\"6d0dbd9\" data-element_type=\"section\" data-settings=\"{&quot;_ha_eqh_enable&quot;:false}\">\n\t\t\t\t\t\t<div class=\"elementor-container elementor-column-gap-narrow\">\n\t\t\t\t\t<div class=\"elementor-column elementor-col-25 elementor-top-column elementor-element elementor-element-658073c\" data-id=\"658073c\" data-element_type=\"column\">\n\t\t\t<div class=\"elementor-widget-wrap\">\n\t\t\t\t\t\t\t<\/div>\n\t\t<\/div>\n\t\t\t\t<div class=\"elementor-column elementor-col-25 elementor-top-column elementor-element elementor-element-1c73090\" data-id=\"1c73090\" data-element_type=\"column\">\n\t\t\t<div class=\"elementor-widget-wrap elementor-element-populated\">\n\t\t\t\t\t\t<div class=\"elementor-element elementor-element-eb9b2b2 elementor-align-center elementor-widget__width-initial elementor-widget elementor-widget-button\" data-id=\"eb9b2b2\" data-element_type=\"widget\" data-widget_type=\"button.default\">\n\t\t\t\t<div class=\"elementor-widget-container\">\n\t\t\t\t\t\t\t\t\t<div class=\"elementor-button-wrapper\">\n\t\t\t\t\t<a class=\"elementor-button elementor-button-link elementor-size-md\" href=\"https:\/\/octopuspms.dk\/wp-content\/uploads\/2022\/09\/Vilkaar_OCTOPUS.pdf\" target=\"_blank\">\n\t\t\t\t\t\t<span class=\"elementor-button-content-wrapper\">\n\t\t\t\t\t\t\t\t\t<span class=\"elementor-button-text\">Download terms<\/span>\n\t\t\t\t\t<\/span>\n\t\t\t\t\t<\/a>\n\t\t\t\t<\/div>\n\t\t\t\t\t\t\t\t<\/div>\n\t\t\t\t<\/div>\n\t\t\t\t<div class=\"elementor-element elementor-element-b3ab0a8 elementor-align-center elementor-widget__width-initial elementor-widget elementor-widget-button\" data-id=\"b3ab0a8\" data-element_type=\"widget\" data-widget_type=\"button.default\">\n\t\t\t\t<div class=\"elementor-widget-container\">\n\t\t\t\t\t\t\t\t\t<div class=\"elementor-button-wrapper\">\n\t\t\t\t\t<a class=\"elementor-button elementor-button-link elementor-size-md\" href=\"https:\/\/octopuspms.dk\/wp-content\/uploads\/2020\/09\/Privatlivspolitik_OCTOPUS_2020.pdf\" target=\"_blank\">\n\t\t\t\t\t\t<span class=\"elementor-button-content-wrapper\">\n\t\t\t\t\t\t\t\t\t<span class=\"elementor-button-text\">GET PRIVACY POLICY<\/span>\n\t\t\t\t\t<\/span>\n\t\t\t\t\t<\/a>\n\t\t\t\t<\/div>\n\t\t\t\t\t\t\t\t<\/div>\n\t\t\t\t<\/div>\n\t\t\t\t\t<\/div>\n\t\t<\/div>\n\t\t\t\t<div class=\"elementor-column elementor-col-25 elementor-top-column elementor-element elementor-element-24692a7\" data-id=\"24692a7\" data-element_type=\"column\">\n\t\t\t<div class=\"elementor-widget-wrap elementor-element-populated\">\n\t\t\t\t\t\t<div class=\"elementor-element elementor-element-f17368f elementor-align-center elementor-widget elementor-widget-button\" data-id=\"f17368f\" data-element_type=\"widget\" data-widget_type=\"button.default\">\n\t\t\t\t<div class=\"elementor-widget-container\">\n\t\t\t\t\t\t\t\t\t<div class=\"elementor-button-wrapper\">\n\t\t\t\t\t<a class=\"elementor-button elementor-button-link elementor-size-md\" href=\"https:\/\/octopuspms.dk\/wp-content\/uploads\/2024\/10\/Subscription-Terms_OCTOPUS.pdf\" target=\"_blank\">\n\t\t\t\t\t\t<span class=\"elementor-button-content-wrapper\">\n\t\t\t\t\t\t\t\t\t<span class=\"elementor-button-text\">Download terms<\/span>\n\t\t\t\t\t<\/span>\n\t\t\t\t\t<\/a>\n\t\t\t\t<\/div>\n\t\t\t\t\t\t\t\t<\/div>\n\t\t\t\t<\/div>\n\t\t\t\t<div class=\"elementor-element elementor-element-8076ba3 elementor-align-center elementor-widget__width-initial elementor-widget elementor-widget-button\" data-id=\"8076ba3\" data-element_type=\"widget\" data-widget_type=\"button.default\">\n\t\t\t\t<div class=\"elementor-widget-container\">\n\t\t\t\t\t\t\t\t\t<div class=\"elementor-button-wrapper\">\n\t\t\t\t\t<a class=\"elementor-button elementor-button-link elementor-size-md\" href=\"https:\/\/octopuspms.dk\/wp-content\/uploads\/2024\/10\/Privacy-Policy_OCTOPUS_2024.pdf\" target=\"_blank\">\n\t\t\t\t\t\t<span class=\"elementor-button-content-wrapper\">\n\t\t\t\t\t\t\t\t\t<span class=\"elementor-button-text\">DOWNLOAD PRIVACY POLICY<\/span>\n\t\t\t\t\t<\/span>\n\t\t\t\t\t<\/a>\n\t\t\t\t<\/div>\n\t\t\t\t\t\t\t\t<\/div>\n\t\t\t\t<\/div>\n\t\t\t\t\t<\/div>\n\t\t<\/div>\n\t\t\t\t<div class=\"elementor-column elementor-col-25 elementor-top-column elementor-element elementor-element-64202d2\" data-id=\"64202d2\" data-element_type=\"column\">\n\t\t\t<div class=\"elementor-widget-wrap\">\n\t\t\t\t\t\t\t<\/div>\n\t\t<\/div>\n\t\t\t\t\t<\/div>\n\t\t<\/section>\n\t\t\t\t<section class=\"elementor-section elementor-top-section elementor-element elementor-element-efcef13 elementor-section-boxed elementor-section-height-default elementor-section-height-default\" data-id=\"efcef13\" data-element_type=\"section\" data-settings=\"{&quot;_ha_eqh_enable&quot;:false}\">\n\t\t\t\t\t\t<div class=\"elementor-container elementor-column-gap-default\">\n\t\t\t\t\t<div class=\"elementor-column elementor-col-100 elementor-top-column elementor-element elementor-element-6651eec\" data-id=\"6651eec\" data-element_type=\"column\">\n\t\t\t<div class=\"elementor-widget-wrap elementor-element-populated\">\n\t\t\t\t\t\t<div class=\"elementor-element elementor-element-ad3755e elementor-align-center elementor-widget elementor-widget-button\" data-id=\"ad3755e\" data-element_type=\"widget\" data-widget_type=\"button.default\">\n\t\t\t\t<div class=\"elementor-widget-container\">\n\t\t\t\t\t\t\t\t\t<div class=\"elementor-button-wrapper\">\n\t\t\t\t\t<a class=\"elementor-button elementor-button-link elementor-size-md\" href=\"https:\/\/octopuspms.dk\/wp-content\/uploads\/2025\/09\/Databehandleraftale_OCTOPUSPMS_V1.4.pdf\" target=\"_blank\">\n\t\t\t\t\t\t<span class=\"elementor-button-content-wrapper\">\n\t\t\t\t\t\t\t\t\t<span class=\"elementor-button-text\">Download data processing agreement<\/span>\n\t\t\t\t\t<\/span>\n\t\t\t\t\t<\/a>\n\t\t\t\t<\/div>\n\t\t\t\t\t\t\t\t<\/div>\n\t\t\t\t<\/div>\n\t\t\t\t<div class=\"elementor-element elementor-element-32b9b05 elementor-align-center elementor-widget elementor-widget-button\" data-id=\"32b9b05\" data-element_type=\"widget\" data-widget_type=\"button.default\">\n\t\t\t\t<div class=\"elementor-widget-container\">\n\t\t\t\t\t\t\t\t\t<div class=\"elementor-button-wrapper\">\n\t\t\t\t\t<a class=\"elementor-button elementor-button-link elementor-size-md\" href=\"https:\/\/octopuspms.dk\/wp-content\/uploads\/2020\/09\/Cookiepolitik_OCTOPUS.pdf\" target=\"_blank\">\n\t\t\t\t\t\t<span class=\"elementor-button-content-wrapper\">\n\t\t\t\t\t\t\t\t\t<span class=\"elementor-button-text\">GET COOKIE POLICY<\/span>\n\t\t\t\t\t<\/span>\n\t\t\t\t\t<\/a>\n\t\t\t\t<\/div>\n\t\t\t\t\t\t\t\t<\/div>\n\t\t\t\t<\/div>\n\t\t\t\t\t<\/div>\n\t\t<\/div>\n\t\t\t\t\t<\/div>\n\t\t<\/section>\n\t\t\t\t<section class=\"elementor-section elementor-top-section elementor-element elementor-element-ee0cb16 elementor-section-boxed elementor-section-height-default elementor-section-height-default\" data-id=\"ee0cb16\" data-element_type=\"section\" data-settings=\"{&quot;_ha_eqh_enable&quot;:false}\">\n\t\t\t\t\t\t<div class=\"elementor-container elementor-column-gap-default\">\n\t\t\t\t\t<div class=\"elementor-column elementor-col-100 elementor-top-column elementor-element elementor-element-39e88bf\" data-id=\"39e88bf\" data-element_type=\"column\">\n\t\t\t<div class=\"elementor-widget-wrap elementor-element-populated\">\n\t\t\t\t\t\t<div class=\"elementor-element elementor-element-10e0ed7 elementor-widget elementor-widget-heading\" data-id=\"10e0ed7\" data-element_type=\"widget\" data-widget_type=\"heading.default\">\n\t\t\t\t<div class=\"elementor-widget-container\">\n\t\t\t\t\t<h2 class=\"elementor-heading-title elementor-size-default\">SupplierService<\/h2>\t\t\t\t<\/div>\n\t\t\t\t<\/div>\n\t\t\t\t<div class=\"elementor-element elementor-element-ac175bd elementor-align-center elementor-widget elementor-widget-button\" data-id=\"ac175bd\" data-element_type=\"widget\" data-widget_type=\"button.default\">\n\t\t\t\t<div class=\"elementor-widget-container\">\n\t\t\t\t\t\t\t\t\t<div class=\"elementor-button-wrapper\">\n\t\t\t\t\t<a class=\"elementor-button elementor-button-link elementor-size-md\" href=\"https:\/\/octopuspms.dk\/wp-content\/uploads\/2020\/09\/Leverand\u00f8rService_OCTOPUS.pdf\" target=\"_blank\">\n\t\t\t\t\t\t<span class=\"elementor-button-content-wrapper\">\n\t\t\t\t\t\t\t\t\t<span class=\"elementor-button-text\">INFORMATION AND REGISTRATION<\/span>\n\t\t\t\t\t<\/span>\n\t\t\t\t\t<\/a>\n\t\t\t\t<\/div>\n\t\t\t\t\t\t\t\t<\/div>\n\t\t\t\t<\/div>\n\t\t\t\t\t<\/div>\n\t\t<\/div>\n\t\t\t\t\t<\/div>\n\t\t<\/section>\n\t\t\t\t<\/div>","protected":false},"excerpt":{"rendered":"<p>Software Go to web app The entire OCTOPUS system can be accessed via the browser - and can therefore be used from mobiles, tablets, Apple products, etc. NOTE: The web app will always have the latest updates and improvements. Terms &amp; Policy Download terms DOWNLOAD PRIVACY POLICY Download terms DOWNLOAD PRIVACY POLICY Download data processing agreement DOWNLOAD COOKIE POLICY Supplier Service INFORMATION AND REGISTRATION<\/p>","protected":false},"author":65,"featured_media":0,"parent":0,"menu_order":0,"comment_status":"closed","ping_status":"closed","template":"","meta":{"footnotes":""},"class_list":["post-5529","page","type-page","status-publish","hentry"],"yoast_head":"<!-- This site is optimized with the Yoast SEO plugin v25.3 - https:\/\/yoast.com\/wordpress\/plugins\/seo\/ -->\n<title>Politik, Software&amp; Leverand\u00f8rService - OCTOPUS PMS<\/title>\n<meta name=\"robots\" content=\"index, follow, max-snippet:-1, max-image-preview:large, max-video-preview:-1\" \/>\n<link rel=\"canonical\" href=\"https:\/\/octopuspms.dk\/en\/download\/\" \/>\n<meta property=\"og:locale\" content=\"en_GB\" \/>\n<meta property=\"og:type\" content=\"article\" \/>\n<meta property=\"og:title\" content=\"Politik, Software&amp; Leverand\u00f8rService - OCTOPUS PMS\" \/>\n<meta property=\"og:description\" content=\"Software G\u00e5 til web-app Hele OCTOPUS-systemet kan tilg\u00e5s via browseren \u2013 og kan dermed bruges fra mobiler, tablets, Apple-produkter osv.OBS: Web-appen vil altid v\u00e6re med nyeste opdateringer og forbedringer. Vilk\u00e5r &amp; Politik Hent vilk\u00e5r HENT PRIVATLIVSPOLITIK Download terms DOWNLOAD PRIVACY POLICY Hent databehandleraftale HENT COOKIEPOLITIK Leverand\u00f8rService INFORMATION OG TILMELDING\" \/>\n<meta property=\"og:url\" content=\"https:\/\/octopuspms.dk\/en\/download\/\" \/>\n<meta property=\"og:site_name\" content=\"OCTOPUS PMS\" \/>\n<meta property=\"article:modified_time\" content=\"2025-09-11T06:37:31+00:00\" \/>\n<meta name=\"twitter:card\" content=\"summary_large_image\" \/>\n<meta name=\"twitter:label1\" content=\"Estimated reading time\" \/>\n\t<meta name=\"twitter:data1\" content=\"1 minute\" \/>\n<script type=\"application\/ld+json\" class=\"yoast-schema-graph\">{\"@context\":\"https:\/\/schema.org\",\"@graph\":[{\"@type\":\"WebPage\",\"@id\":\"https:\/\/octopuspms.dk\/en\/download\/\",\"url\":\"https:\/\/octopuspms.dk\/en\/download\/\",\"name\":\"Politik, Software& Leverand\u00f8rService - OCTOPUS PMS\",\"isPartOf\":{\"@id\":\"https:\/\/octopuspms.dk\/#website\"},\"datePublished\":\"2017-12-28T20:47:49+00:00\",\"dateModified\":\"2025-09-11T06:37:31+00:00\",\"breadcrumb\":{\"@id\":\"https:\/\/octopuspms.dk\/en\/download\/#breadcrumb\"},\"inLanguage\":\"en-GB\",\"potentialAction\":[{\"@type\":\"ReadAction\",\"target\":[\"https:\/\/octopuspms.dk\/en\/download\/\"]}]},{\"@type\":\"BreadcrumbList\",\"@id\":\"https:\/\/octopuspms.dk\/en\/download\/#breadcrumb\",\"itemListElement\":[{\"@type\":\"ListItem\",\"position\":1,\"name\":\"Hjem\",\"item\":\"https:\/\/octopuspms.dk\/\"},{\"@type\":\"ListItem\",\"position\":2,\"name\":\"Politik, Software&#038; Leverand\u00f8rService\"}]},{\"@type\":\"WebSite\",\"@id\":\"https:\/\/octopuspms.dk\/#website\",\"url\":\"https:\/\/octopuspms.dk\/\",\"name\":\"OCTOPUS PMS\",\"description\":\"\",\"publisher\":{\"@id\":\"https:\/\/octopuspms.dk\/#organization\"},\"potentialAction\":[{\"@type\":\"SearchAction\",\"target\":{\"@type\":\"EntryPoint\",\"urlTemplate\":\"https:\/\/octopuspms.dk\/?s={search_term_string}\"},\"query-input\":{\"@type\":\"PropertyValueSpecification\",\"valueRequired\":true,\"valueName\":\"search_term_string\"}}],\"inLanguage\":\"en-GB\"},{\"@type\":\"Organization\",\"@id\":\"https:\/\/octopuspms.dk\/#organization\",\"name\":\"OCTOPUS PMS\",\"url\":\"https:\/\/octopuspms.dk\/\",\"logo\":{\"@type\":\"ImageObject\",\"inLanguage\":\"en-GB\",\"@id\":\"https:\/\/octopuspms.dk\/#\/schema\/logo\/image\/\",\"url\":\"https:\/\/octopuspms.dk\/wp-content\/uploads\/2020\/03\/admin-ajax-1.png\",\"contentUrl\":\"https:\/\/octopuspms.dk\/wp-content\/uploads\/2020\/03\/admin-ajax-1.png\",\"width\":300,\"height\":94,\"caption\":\"OCTOPUS PMS\"},\"image\":{\"@id\":\"https:\/\/octopuspms.dk\/#\/schema\/logo\/image\/\"}}]}<\/script>\n<!-- \/ Yoast SEO plugin. -->","yoast_head_json":{"title":"Policy, Software &amp; Supplier Service - OCTOPUS PMS","robots":{"index":"index","follow":"follow","max-snippet":"max-snippet:-1","max-image-preview":"max-image-preview:large","max-video-preview":"max-video-preview:-1"},"canonical":"https:\/\/octopuspms.dk\/en\/download\/","og_locale":"en_GB","og_type":"article","og_title":"Politik, Software& Leverand\u00f8rService - OCTOPUS PMS","og_description":"Software G\u00e5 til web-app Hele OCTOPUS-systemet kan tilg\u00e5s via browseren \u2013 og kan dermed bruges fra mobiler, tablets, Apple-produkter osv.OBS: Web-appen vil altid v\u00e6re med nyeste opdateringer og forbedringer. Vilk\u00e5r &amp; Politik Hent vilk\u00e5r HENT PRIVATLIVSPOLITIK Download terms DOWNLOAD PRIVACY POLICY Hent databehandleraftale HENT COOKIEPOLITIK Leverand\u00f8rService INFORMATION OG TILMELDING","og_url":"https:\/\/octopuspms.dk\/en\/download\/","og_site_name":"OCTOPUS PMS","article_modified_time":"2025-09-11T06:37:31+00:00","twitter_card":"summary_large_image","twitter_misc":{"Estimated reading time":"1 minute"},"schema":{"@context":"https:\/\/schema.org","@graph":[{"@type":"WebPage","@id":"https:\/\/octopuspms.dk\/en\/download\/","url":"https:\/\/octopuspms.dk\/en\/download\/","name":"Policy, Software &amp; Supplier Service - OCTOPUS PMS","isPartOf":{"@id":"https:\/\/octopuspms.dk\/#website"},"datePublished":"2017-12-28T20:47:49+00:00","dateModified":"2025-09-11T06:37:31+00:00","breadcrumb":{"@id":"https:\/\/octopuspms.dk\/en\/download\/#breadcrumb"},"inLanguage":"en-GB","potentialAction":[{"@type":"ReadAction","target":["https:\/\/octopuspms.dk\/en\/download\/"]}]},{"@type":"BreadcrumbList","@id":"https:\/\/octopuspms.dk\/en\/download\/#breadcrumb","itemListElement":[{"@type":"ListItem","position":1,"name":"Hjem","item":"https:\/\/octopuspms.dk\/"},{"@type":"ListItem","position":2,"name":"Politik, Software&#038; Leverand\u00f8rService"}]},{"@type":"WebSite","@id":"https:\/\/octopuspms.dk\/#website","url":"https:\/\/octopuspms.dk\/","name":"OCTOPUS PMS","description":"","publisher":{"@id":"https:\/\/octopuspms.dk\/#organization"},"potentialAction":[{"@type":"SearchAction","target":{"@type":"EntryPoint","urlTemplate":"https:\/\/octopuspms.dk\/?s={search_term_string}"},"query-input":{"@type":"PropertyValueSpecification","valueRequired":true,"valueName":"search_term_string"}}],"inLanguage":"en-GB"},{"@type":"Organization","@id":"https:\/\/octopuspms.dk\/#organization","name":"OCTOPUS PMS","url":"https:\/\/octopuspms.dk\/","logo":{"@type":"ImageObject","inLanguage":"en-GB","@id":"https:\/\/octopuspms.dk\/#\/schema\/logo\/image\/","url":"https:\/\/octopuspms.dk\/wp-content\/uploads\/2020\/03\/admin-ajax-1.png","contentUrl":"https:\/\/octopuspms.dk\/wp-content\/uploads\/2020\/03\/admin-ajax-1.png","width":300,"height":94,"caption":"OCTOPUS PMS"},"image":{"@id":"https:\/\/octopuspms.dk\/#\/schema\/logo\/image\/"}}]}},"_links":{"self":[{"href":"https:\/\/octopuspms.dk\/en\/wp-json\/wp\/v2\/pages\/5529","targetHints":{"allow":["GET"]}}],"collection":[{"href":"https:\/\/octopuspms.dk\/en\/wp-json\/wp\/v2\/pages"}],"about":[{"href":"https:\/\/octopuspms.dk\/en\/wp-json\/wp\/v2\/types\/page"}],"author":[{"embeddable":true,"href":"https:\/\/octopuspms.dk\/en\/wp-json\/wp\/v2\/users\/65"}],"replies":[{"embeddable":true,"href":"https:\/\/octopuspms.dk\/en\/wp-json\/wp\/v2\/comments?post=5529"}],"version-history":[{"count":6,"href":"https:\/\/octopuspms.dk\/en\/wp-json\/wp\/v2\/pages\/5529\/revisions"}],"predecessor-version":[{"id":27613,"href":"https:\/\/octopuspms.dk\/en\/wp-json\/wp\/v2\/pages\/5529\/revisions\/27613"}],"wp:attachment":[{"href":"https:\/\/octopuspms.dk\/en\/wp-json\/wp\/v2\/media?parent=5529"}],"curies":[{"name":"wp","href":"https:\/\/api.w.org\/{rel}","templated":true}]}}