{"id":27285,"date":"2025-08-07T09:42:00","date_gmt":"2025-08-07T07:42:00","guid":{"rendered":"https:\/\/octopuspms.dk\/?page_id=27285"},"modified":"2026-04-18T02:11:51","modified_gmt":"2026-04-18T00:11:51","slug":"driftstatus","status":"publish","type":"page","link":"https:\/\/octopuspms.dk\/en\/driftstatus\/","title":{"rendered":"Operating status"},"content":{"rendered":"\t\t<div data-elementor-type=\"wp-post\" data-elementor-id=\"27285\" class=\"elementor elementor-27285\" data-elementor-settings=\"{&quot;ha_cmc_init_switcher&quot;:&quot;no&quot;}\" data-elementor-post-type=\"page\">\n\t\t\t\t<div class=\"elementor-element elementor-element-a6d98fb e-con-full e-flex e-con e-parent\" data-id=\"a6d98fb\" data-element_type=\"container\" data-settings=\"{&quot;background_background&quot;:&quot;classic&quot;,&quot;_ha_eqh_enable&quot;:false}\">\n\t\t<div class=\"elementor-element elementor-element-353f5965 e-con-full e-flex e-con e-child\" data-id=\"353f5965\" data-element_type=\"container\" data-settings=\"{&quot;_ha_eqh_enable&quot;:false}\">\n\t\t\t\t<div class=\"elementor-element elementor-element-2f9fc102 elementor-widget elementor-widget-heading\" data-id=\"2f9fc102\" data-element_type=\"widget\" data-widget_type=\"heading.default\">\n\t\t\t\t<div class=\"elementor-widget-container\">\n\t\t\t\t\t<h2 class=\"elementor-heading-title elementor-size-default\">Driftsinformation<\/h2>\t\t\t\t<\/div>\n\t\t\t\t<\/div>\n\t\t\t\t<div class=\"elementor-element elementor-element-2ee0a58f elementor-widget elementor-widget-shortcode\" data-id=\"2ee0a58f\" data-element_type=\"widget\" data-widget_type=\"shortcode.default\">\n\t\t\t\t<div class=\"elementor-widget-container\">\n\t\t\t\t\t\t\t<div class=\"elementor-shortcode\">\n    <a href=\"\/driftstatus\/\" style=\"text-decoration:none;color:inherit;\">\n        <div style=\"\n            display:flex;\n            align-items:center;\n            gap:10px;\n            font-size:14px;\n            font-weight:500;\n            color:#222;\n            cursor:pointer;\n        \">\n            <span style=\"\n                width:12px;\n                height:12px;\n                border-radius:50%;\n                background:#2ecc71;\n                box-shadow:0 0 6px #2ecc71;\n                display:inline-block;\n            \"><\/span>\n            <span><strong>Driftstatus:<\/strong> Driften k\u00f8rer normalt.<\/span>\n        <\/div>\n    <\/a><\/div>\n\t\t\t\t\t\t<\/div>\n\t\t\t\t<\/div>\n\t\t\t\t<div class=\"elementor-element elementor-element-e37b1eb elementor-widget elementor-widget-heading\" data-id=\"e37b1eb\" data-element_type=\"widget\" data-widget_type=\"heading.default\">\n\t\t\t\t<div class=\"elementor-widget-container\">\n\t\t\t\t\t<h5 class=\"elementor-heading-title elementor-size-default\">Hvis du oplever tekniske forstyrrelser, bedes du kontakte vores support.\n\n<\/h5>\t\t\t\t<\/div>\n\t\t\t\t<\/div>\n\t\t\t\t<\/div>\n\t\t<div class=\"elementor-element elementor-element-257399 e-con-full e-flex e-con e-child\" data-id=\"257399\" data-element_type=\"container\" data-settings=\"{&quot;_ha_eqh_enable&quot;:false}\">\n\t\t<div class=\"elementor-element elementor-element-6d44d06 e-con-full e-flex e-con e-child\" data-id=\"6d44d06\" data-element_type=\"container\" data-settings=\"{&quot;background_background&quot;:&quot;classic&quot;,&quot;_ha_eqh_enable&quot;:false}\">\n\t\t\t\t<div class=\"elementor-element elementor-element-33e5e57c elementor-widget-tablet__width-inherit elementor-widget__width-initial elementor-widget elementor-widget-heading\" data-id=\"33e5e57c\" data-element_type=\"widget\" data-widget_type=\"heading.default\">\n\t\t\t\t<div class=\"elementor-widget-container\">\n\t\t\t\t\t<h2 class=\"elementor-heading-title elementor-size-default\">Har du sp\u00f8rgsm\u00e5l s\u00e5 ring endelig<\/h2>\t\t\t\t<\/div>\n\t\t\t\t<\/div>\n\t\t\t\t<div class=\"elementor-element elementor-element-7ae05e25 elementor-widget elementor-widget-text-editor\" data-id=\"7ae05e25\" data-element_type=\"widget\" data-widget_type=\"text-editor.default\">\n\t\t\t\t<div class=\"elementor-widget-container\">\n\t\t\t\t\t\t\t\t\t<p>Vi besvarer opkald alle hverdage kl. 09-15<\/p><p>Uden for normal kontortid, har du som kunde mulighed for at kontakte os ved presserende opgaver, som kan benyttes 24\/7.<\/p>\t\t\t\t\t\t\t\t<\/div>\n\t\t\t\t<\/div>\n\t\t\t\t<div class=\"elementor-element elementor-element-4d3606e3 elementor-widget-divider--view-line elementor-widget elementor-widget-divider\" data-id=\"4d3606e3\" data-element_type=\"widget\" data-widget_type=\"divider.default\">\n\t\t\t\t<div class=\"elementor-widget-container\">\n\t\t\t\t\t\t\t<div class=\"elementor-divider\">\n\t\t\t<span class=\"elementor-divider-separator\">\n\t\t\t\t\t\t<\/span>\n\t\t<\/div>\n\t\t\t\t\t\t<\/div>\n\t\t\t\t<\/div>\n\t\t\t\t<div class=\"elementor-element elementor-element-bff2a1b elementor-align-left elementor-widget-tablet__width-inherit elementor-icon-list--layout-traditional elementor-list-item-link-full_width elementor-widget elementor-widget-icon-list\" data-id=\"bff2a1b\" data-element_type=\"widget\" data-widget_type=\"icon-list.default\">\n\t\t\t\t<div class=\"elementor-widget-container\">\n\t\t\t\t\t\t\t<ul class=\"elementor-icon-list-items\">\n\t\t\t\t\t\t\t<li class=\"elementor-icon-list-item\">\n\t\t\t\t\t\t\t\t\t\t\t<a href=\"tel:+4573700100\">\n\n\t\t\t\t\t\t\t\t\t\t\t\t<span class=\"elementor-icon-list-icon\">\n\t\t\t\t\t\t\t<i aria-hidden=\"true\" class=\"fas fa-phone\"><\/i>\t\t\t\t\t\t<\/span>\n\t\t\t\t\t\t\t\t\t\t<span class=\"elementor-icon-list-text\">+45 73 70 01 00<\/span>\n\t\t\t\t\t\t\t\t\t\t\t<\/a>\n\t\t\t\t\t\t\t\t\t<\/li>\n\t\t\t\t\t\t\t\t<li class=\"elementor-icon-list-item\">\n\t\t\t\t\t\t\t\t\t\t\t<a href=\"mailto:support@octopuspms.dk\">\n\n\t\t\t\t\t\t\t\t\t\t\t\t<span class=\"elementor-icon-list-icon\">\n\t\t\t\t\t\t\t<i aria-hidden=\"true\" class=\"huge huge-mail-01\"><\/i>\t\t\t\t\t\t<\/span>\n\t\t\t\t\t\t\t\t\t\t<span class=\"elementor-icon-list-text\">Email: support@octopuspms.dk<\/span>\n\t\t\t\t\t\t\t\t\t\t\t<\/a>\n\t\t\t\t\t\t\t\t\t<\/li>\n\t\t\t\t\t\t\t\t<li class=\"elementor-icon-list-item\">\n\t\t\t\t\t\t\t\t\t\t\t<a href=\"https:\/\/www.google.com\/maps\/place\/Augustenborg+Landevej+1,+6400+S%C3%B8nderborg\/@54.9200489,9.8085968,18.75z\/data=!4m6!3m5!1s0x47b337583f1ab89b:0x5d970ef90131d799!8m2!3d54.920058!4d9.8096731!16s%2Fg%2F11c4k4c4b6?entry=ttu&#038;g_ep=EgoyMDI2MDQxNS4wIKXMDSoASAFQAw%3D%3D\">\n\n\t\t\t\t\t\t\t\t\t\t\t\t<span class=\"elementor-icon-list-icon\">\n\t\t\t\t\t\t\t<i aria-hidden=\"true\" class=\"fas fa-map-pin\"><\/i>\t\t\t\t\t\t<\/span>\n\t\t\t\t\t\t\t\t\t\t<span class=\"elementor-icon-list-text\">Adresse: Augustenborg Landevej 7,1 6400 S\u00f8nderborg<\/span>\n\t\t\t\t\t\t\t\t\t\t\t<\/a>\n\t\t\t\t\t\t\t\t\t<\/li>\n\t\t\t\t\t\t<\/ul>\n\t\t\t\t\t\t<\/div>\n\t\t\t\t<\/div>\n\t\t\t\t<div class=\"elementor-element elementor-element-65d40b6 elementor-widget elementor-widget-google_maps\" data-id=\"65d40b6\" data-element_type=\"widget\" data-widget_type=\"google_maps.default\">\n\t\t\t\t<div class=\"elementor-widget-container\">\n\t\t\t\t\t\t\t<div class=\"elementor-custom-embed\">\n\t\t\t<iframe loading=\"lazy\"\n\t\t\t\t\tsrc=\"https:\/\/maps.google.com\/maps?q=Augustenborg%20Landevej%207%2C1%206400%20S%C3%B8nderborg&#038;t=m&#038;z=10&#038;output=embed&#038;iwloc=near\"\n\t\t\t\t\ttitle=\"Augustenborg Landevej 7,1 6400 S\u00f8nderborg\"\n\t\t\t\t\taria-label=\"Augustenborg Landevej 7,1 6400 S\u00f8nderborg\"\n\t\t\t><\/iframe>\n\t\t<\/div>\n\t\t\t\t\t\t<\/div>\n\t\t\t\t<\/div>\n\t\t\t\t<div class=\"elementor-element elementor-element-1f697306 elementor-widget elementor-widget-image\" data-id=\"1f697306\" data-element_type=\"widget\" data-widget_type=\"image.default\">\n\t\t\t\t<div class=\"elementor-widget-container\">\n\t\t\t\t\t\t\t\t\t\t\t\t\t\t\t<img fetchpriority=\"high\" decoding=\"async\" width=\"800\" height=\"553\" src=\"https:\/\/octopuspms.dk\/wp-content\/uploads\/2025\/06\/OCTOPUS_Aabningstider__09-15-1-1.png\" class=\"attachment-large size-large wp-image-25695\" alt=\"\" srcset=\"https:\/\/octopuspms.dk\/wp-content\/uploads\/2025\/06\/OCTOPUS_Aabningstider__09-15-1-1.png 834w, https:\/\/octopuspms.dk\/wp-content\/uploads\/2025\/06\/OCTOPUS_Aabningstider__09-15-1-1-300x207.png 300w, https:\/\/octopuspms.dk\/wp-content\/uploads\/2025\/06\/OCTOPUS_Aabningstider__09-15-1-1-768x530.png 768w, https:\/\/octopuspms.dk\/wp-content\/uploads\/2025\/06\/OCTOPUS_Aabningstider__09-15-1-1-18x12.png 18w\" sizes=\"(max-width: 800px) 100vw, 800px\" \/>\t\t\t\t\t\t\t\t\t\t\t\t\t\t\t<\/div>\n\t\t\t\t<\/div>\n\t\t\t\t<\/div>\n\t\t<div class=\"elementor-element elementor-element-7fc8da71 e-con-full e-flex e-con e-child\" data-id=\"7fc8da71\" data-element_type=\"container\" data-settings=\"{&quot;background_background&quot;:&quot;classic&quot;,&quot;_ha_eqh_enable&quot;:false}\">\n\t\t\t\t<div class=\"elementor-element elementor-element-154fcaab elementor-button-align-stretch ha-has-bg-overlay elementor-widget elementor-widget-form\" data-id=\"154fcaab\" data-element_type=\"widget\" data-settings=\"{&quot;step_next_label&quot;:&quot;Next&quot;,&quot;step_previous_label&quot;:&quot;Previous&quot;,&quot;button_width&quot;:&quot;100&quot;,&quot;step_type&quot;:&quot;number_text&quot;,&quot;step_icon_shape&quot;:&quot;circle&quot;}\" data-widget_type=\"form.default\">\n\t\t\t\t<div class=\"elementor-widget-container\">\n\t\t\t\t\t\t\t<form class=\"elementor-form\" method=\"post\" name=\"New Form\">\n\t\t\t<input type=\"hidden\" name=\"post_id\" value=\"27285\"\/>\n\t\t\t<input type=\"hidden\" name=\"form_id\" value=\"154fcaab\"\/>\n\t\t\t<input type=\"hidden\" name=\"referer_title\" value=\"OCTOPUS PMS\" \/>\n\n\t\t\t\n\t\t\t<div class=\"elementor-form-fields-wrapper elementor-labels-above\">\n\t\t\t\t\t\t\t\t<div class=\"elementor-field-type-text elementor-field-group elementor-column elementor-field-group-name elementor-col-100 elementor-field-required elementor-mark-required\">\n\t\t\t\t\t\t\t\t\t\t\t\t<label for=\"form-field-name\" class=\"elementor-field-label\">\n\t\t\t\t\t\t\t\tNavn\t\t\t\t\t\t\t<\/label>\n\t\t\t\t\t\t\t\t\t\t\t\t\t\t<input size=\"1\" type=\"text\" name=\"form_fields[name]\" id=\"form-field-name\" class=\"elementor-field elementor-size-sm  elementor-field-textual\" placeholder=\"Navn\" required=\"required\">\n\t\t\t\t\t\t\t\t\t\t\t<\/div>\n\t\t\t\t\t\t\t\t<div class=\"elementor-field-type-email elementor-field-group elementor-column elementor-field-group-email elementor-col-100 elementor-field-required elementor-mark-required\">\n\t\t\t\t\t\t\t\t\t\t\t\t<label for=\"form-field-email\" class=\"elementor-field-label\">\n\t\t\t\t\t\t\t\tEmail\t\t\t\t\t\t\t<\/label>\n\t\t\t\t\t\t\t\t\t\t\t\t\t\t<input size=\"1\" type=\"email\" name=\"form_fields[email]\" id=\"form-field-email\" class=\"elementor-field elementor-size-sm  elementor-field-textual\" placeholder=\"Email\" required=\"required\">\n\t\t\t\t\t\t\t\t\t\t\t<\/div>\n\t\t\t\t\t\t\t\t<div class=\"elementor-field-type-tel elementor-field-group elementor-column elementor-field-group-field_f084063 elementor-col-100 elementor-field-required elementor-mark-required\">\n\t\t\t\t\t\t\t\t\t\t\t\t<label for=\"form-field-field_f084063\" class=\"elementor-field-label\">\n\t\t\t\t\t\t\t\tTelefonnummer\t\t\t\t\t\t\t<\/label>\n\t\t\t\t\t\t\t\t<input size=\"1\" type=\"tel\" name=\"form_fields[field_f084063]\" id=\"form-field-field_f084063\" class=\"elementor-field elementor-size-sm  elementor-field-textual\" placeholder=\"+45\" required=\"required\" pattern=\"[0-9()#&amp;+*-=.]+\" title=\"Only numbers and phone characters (#, -, *, etc) are accepted.\">\n\n\t\t\t\t\t\t<\/div>\n\t\t\t\t\t\t\t\t<div class=\"elementor-field-type-text elementor-field-group elementor-column elementor-field-group-field_053e6a2 elementor-col-100\">\n\t\t\t\t\t\t\t\t\t\t\t\t<label for=\"form-field-field_053e6a2\" class=\"elementor-field-label\">\n\t\t\t\t\t\t\t\tVirksomhed\t\t\t\t\t\t\t<\/label>\n\t\t\t\t\t\t\t\t\t\t\t\t\t\t<input size=\"1\" type=\"text\" name=\"form_fields[field_053e6a2]\" id=\"form-field-field_053e6a2\" class=\"elementor-field elementor-size-sm  elementor-field-textual\" placeholder=\"Navn p\u00e5 virksomhed\">\n\t\t\t\t\t\t\t\t\t\t\t<\/div>\n\t\t\t\t\t\t\t\t<div class=\"elementor-field-type-textarea elementor-field-group elementor-column elementor-field-group-message elementor-col-100 elementor-field-required elementor-mark-required\">\n\t\t\t\t\t\t\t\t\t\t\t\t<label for=\"form-field-message\" class=\"elementor-field-label\">\n\t\t\t\t\t\t\t\tBesked\t\t\t\t\t\t\t<\/label>\n\t\t\t\t\t\t<textarea class=\"elementor-field-textual elementor-field  elementor-size-sm\" name=\"form_fields[message]\" id=\"form-field-message\" rows=\"4\" placeholder=\"Skriv din besked her..\" required=\"required\"><\/textarea>\t\t\t\t<\/div>\n\t\t\t\t\t\t\t\t<div class=\"elementor-field-group elementor-column elementor-field-type-submit elementor-col-100 e-form__buttons\">\n\t\t\t\t\t<button class=\"elementor-button elementor-size-sm elementor-animation-shrink\" type=\"submit\">\n\t\t\t\t\t\t<span class=\"elementor-button-content-wrapper\">\n\t\t\t\t\t\t\t\t\t\t\t\t\t\t\t\t\t\t\t\t\t\t<span class=\"elementor-button-text\">Send<\/span>\n\t\t\t\t\t\t\t\t\t\t\t\t\t<\/span>\n\t\t\t\t\t<\/button>\n\t\t\t\t<\/div>\n\t\t\t<\/div>\n\t\t<\/form>\n\t\t\t\t\t\t<\/div>\n\t\t\t\t<\/div>\n\t\t\t\t<\/div>\n\t\t\t\t<\/div>\n\t\t\t\t<\/div>\n\t\t<div class=\"elementor-element elementor-element-41224c7a e-con-full e-flex e-con e-parent\" data-id=\"41224c7a\" data-element_type=\"container\" data-settings=\"{&quot;background_background&quot;:&quot;classic&quot;,&quot;shape_divider_top&quot;:&quot;waves&quot;,&quot;_ha_eqh_enable&quot;:false}\">\n\t\t\t\t<div class=\"elementor-shape elementor-shape-top\" aria-hidden=\"true\" data-negative=\"false\">\n\t\t\t<svg xmlns=\"http:\/\/www.w3.org\/2000\/svg\" viewBox=\"0 0 1000 100\" preserveAspectRatio=\"none\">\n\t<path class=\"elementor-shape-fill\" d=\"M421.9,6.5c22.6-2.5,51.5,0.4,75.5,5.3c23.6,4.9,70.9,23.5,100.5,35.7c75.8,32.2,133.7,44.5,192.6,49.7\n\tc23.6,2.1,48.7,3.5,103.4-2.5c54.7-6,106.2-25.6,106.2-25.6V0H0v30.3c0,0,72,32.6,158.4,30.5c39.2-0.7,92.8-6.7,134-22.4\n\tc21.2-8.1,52.2-18.2,79.7-24.2C399.3,7.9,411.6,7.5,421.9,6.5z\"\/>\n<\/svg>\t\t<\/div>\n\t\t\t\t<div class=\"elementor-element elementor-element-6d4bdabc elementor-widget elementor-widget-image\" data-id=\"6d4bdabc\" data-element_type=\"widget\" data-widget_type=\"image.default\">\n\t\t\t\t<div class=\"elementor-widget-container\">\n\t\t\t\t\t\t\t\t\t\t\t\t\t\t\t<img decoding=\"async\" width=\"800\" height=\"614\" src=\"https:\/\/octopuspms.dk\/wp-content\/uploads\/2025\/06\/squid_new_large-1.png\" class=\"attachment-large size-large wp-image-24968\" alt=\"\" srcset=\"https:\/\/octopuspms.dk\/wp-content\/uploads\/2025\/06\/squid_new_large-1.png 800w, https:\/\/octopuspms.dk\/wp-content\/uploads\/2025\/06\/squid_new_large-1-300x230.png 300w, https:\/\/octopuspms.dk\/wp-content\/uploads\/2025\/06\/squid_new_large-1-768x589.png 768w, https:\/\/octopuspms.dk\/wp-content\/uploads\/2025\/06\/squid_new_large-1-16x12.png 16w\" sizes=\"(max-width: 800px) 100vw, 800px\" \/>\t\t\t\t\t\t\t\t\t\t\t\t\t\t\t<\/div>\n\t\t\t\t<\/div>\n\t\t\t\t<div class=\"elementor-element elementor-element-2335d0af elementor-widget elementor-widget-heading\" data-id=\"2335d0af\" data-element_type=\"widget\" data-widget_type=\"heading.default\">\n\t\t\t\t<div class=\"elementor-widget-container\">\n\t\t\t\t\t<h2 class=\"elementor-heading-title elementor-size-default\">Oplev OCTOPUS PMS risikofrit<\/h2>\t\t\t\t<\/div>\n\t\t\t\t<\/div>\n\t\t\t\t<div class=\"elementor-element elementor-element-506504cd elementor-widget elementor-widget-text-editor\" data-id=\"506504cd\" data-element_type=\"widget\" data-widget_type=\"text-editor.default\">\n\t\t\t\t<div class=\"elementor-widget-container\">\n\t\t\t\t\t\t\t\t\t<p>Tilmeld dig en 30-dages gratis pr\u00f8veperiode, og oplev hvordan OCTOPUS PMS kan str\u00f8mline dine aktiviteter.<\/p>\t\t\t\t\t\t\t\t<\/div>\n\t\t\t\t<\/div>\n\t\t\t\t<div class=\"elementor-element elementor-element-7ca296a9 elementor-align-center elementor-widget elementor-widget-button\" data-id=\"7ca296a9\" data-element_type=\"widget\" data-widget_type=\"button.default\">\n\t\t\t\t<div class=\"elementor-widget-container\">\n\t\t\t\t\t\t\t\t\t<div class=\"elementor-button-wrapper\">\n\t\t\t\t\t<a class=\"elementor-button elementor-button-link elementor-size-sm elementor-animation-shrink\" href=\"https:\/\/app.octopuspms.dk\/\">\n\t\t\t\t\t\t<span class=\"elementor-button-content-wrapper\">\n\t\t\t\t\t\t\t\t\t<span class=\"elementor-button-text\">Start din gratis pr\u00f8veperiode<\/span>\n\t\t\t\t\t<\/span>\n\t\t\t\t\t<\/a>\n\t\t\t\t<\/div>\n\t\t\t\t\t\t\t\t<\/div>\n\t\t\t\t<\/div>\n\t\t\t\t<div class=\"elementor-element elementor-element-2865fadb elementor-widget elementor-widget-text-editor\" data-id=\"2865fadb\" data-element_type=\"widget\" data-widget_type=\"text-editor.default\">\n\t\t\t\t<div class=\"elementor-widget-container\">\n\t\t\t\t\t\t\t\t\t<p><span style=\"text-decoration: underline;\">* Ingen kreditkort p\u00e5kr\u00e6vet. Ingen bindende kontrakter.<\/span><\/p>\t\t\t\t\t\t\t\t<\/div>\n\t\t\t\t<\/div>\n\t\t\t\t<\/div>\n\t\t<div class=\"elementor-element elementor-element-dc8a2ec e-flex e-con-boxed e-con e-parent\" data-id=\"dc8a2ec\" data-element_type=\"container\" data-settings=\"{&quot;_ha_eqh_enable&quot;:false}\">\n\t\t\t\t\t<div class=\"e-con-inner\">\n\t\t\t\t\t<\/div>\n\t\t\t\t<\/div>\n\t\t\t\t<\/div>\n\t\t","protected":false},"excerpt":{"rendered":"<p>Driftsinformation Hvis du oplever tekniske forstyrrelser, bedes du kontakte vores support. Har du sp\u00f8rgsm\u00e5l s\u00e5 ring endelig Vi besvarer opkald alle hverdage kl. 09-15 Uden for normal kontortid, har du som kunde mulighed for at kontakte os ved presserende opgaver, som kan benyttes 24\/7. +45 73 70 01 00 Email: support@octopuspms.dk Adresse: Augustenborg Landevej 7,1 [&hellip;]<\/p>\n","protected":false},"author":61,"featured_media":0,"parent":0,"menu_order":0,"comment_status":"closed","ping_status":"closed","template":"","meta":{"footnotes":""},"class_list":["post-27285","page","type-page","status-publish","hentry"],"yoast_head":"<!-- This site is optimized with the Yoast SEO plugin v25.3 - https:\/\/yoast.com\/wordpress\/plugins\/seo\/ -->\n<title>Driftstatus - OCTOPUS PMS<\/title>\n<meta name=\"description\" content=\"Kontakt os p\u00e5 73 700 100 \u2013 v besvarer opkald alle hverdage kl. 09-15 samt 24\/7 ved presserende henvendelser.\" \/>\n<meta name=\"robots\" content=\"index, follow, max-snippet:-1, max-image-preview:large, max-video-preview:-1\" \/>\n<link rel=\"canonical\" href=\"https:\/\/octopuspms.dk\/en\/driftstatus\/\" \/>\n<meta property=\"og:locale\" content=\"en_GB\" \/>\n<meta property=\"og:type\" content=\"article\" \/>\n<meta property=\"og:title\" content=\"Driftstatus - OCTOPUS PMS\" \/>\n<meta property=\"og:description\" content=\"Kontakt os p\u00e5 73 700 100 \u2013 v besvarer opkald alle hverdage kl. 09-15 samt 24\/7 ved presserende henvendelser.\" \/>\n<meta property=\"og:url\" content=\"https:\/\/octopuspms.dk\/en\/driftstatus\/\" \/>\n<meta property=\"og:site_name\" content=\"OCTOPUS PMS\" \/>\n<meta property=\"article:modified_time\" content=\"2026-04-18T00:11:51+00:00\" \/>\n<meta property=\"og:image\" content=\"https:\/\/octopuspms.dk\/wp-content\/uploads\/2025\/06\/OCTOPUS_Aabningstider__09-15-1-1.png\" \/>\n\t<meta property=\"og:image:width\" content=\"834\" \/>\n\t<meta property=\"og:image:height\" content=\"576\" \/>\n\t<meta property=\"og:image:type\" content=\"image\/png\" \/>\n<meta name=\"twitter:card\" content=\"summary_large_image\" \/>\n<meta name=\"twitter:label1\" content=\"Estimated reading time\" \/>\n\t<meta name=\"twitter:data1\" content=\"1 minute\" \/>\n<script type=\"application\/ld+json\" class=\"yoast-schema-graph\">{\"@context\":\"https:\/\/schema.org\",\"@graph\":[{\"@type\":\"WebPage\",\"@id\":\"https:\/\/octopuspms.dk\/driftstatus\/\",\"url\":\"https:\/\/octopuspms.dk\/driftstatus\/\",\"name\":\"Driftstatus - OCTOPUS PMS\",\"isPartOf\":{\"@id\":\"https:\/\/octopuspms.dk\/#website\"},\"primaryImageOfPage\":{\"@id\":\"https:\/\/octopuspms.dk\/driftstatus\/#primaryimage\"},\"image\":{\"@id\":\"https:\/\/octopuspms.dk\/driftstatus\/#primaryimage\"},\"thumbnailUrl\":\"https:\/\/octopuspms.dk\/wp-content\/uploads\/2025\/06\/OCTOPUS_Aabningstider__09-15-1-1.png\",\"datePublished\":\"2025-08-07T07:42:00+00:00\",\"dateModified\":\"2026-04-18T00:11:51+00:00\",\"description\":\"Kontakt os p\u00e5 73 700 100 \u2013 v besvarer opkald alle hverdage kl. 09-15 samt 24\/7 ved presserende henvendelser.\",\"breadcrumb\":{\"@id\":\"https:\/\/octopuspms.dk\/driftstatus\/#breadcrumb\"},\"inLanguage\":\"en-GB\",\"potentialAction\":[{\"@type\":\"ReadAction\",\"target\":[\"https:\/\/octopuspms.dk\/driftstatus\/\"]}]},{\"@type\":\"ImageObject\",\"inLanguage\":\"en-GB\",\"@id\":\"https:\/\/octopuspms.dk\/driftstatus\/#primaryimage\",\"url\":\"https:\/\/octopuspms.dk\/wp-content\/uploads\/2025\/06\/OCTOPUS_Aabningstider__09-15-1-1.png\",\"contentUrl\":\"https:\/\/octopuspms.dk\/wp-content\/uploads\/2025\/06\/OCTOPUS_Aabningstider__09-15-1-1.png\"},{\"@type\":\"BreadcrumbList\",\"@id\":\"https:\/\/octopuspms.dk\/driftstatus\/#breadcrumb\",\"itemListElement\":[{\"@type\":\"ListItem\",\"position\":1,\"name\":\"Hjem\",\"item\":\"https:\/\/octopuspms.dk\/\"},{\"@type\":\"ListItem\",\"position\":2,\"name\":\"Driftstatus\"}]},{\"@type\":\"WebSite\",\"@id\":\"https:\/\/octopuspms.dk\/#website\",\"url\":\"https:\/\/octopuspms.dk\/\",\"name\":\"OCTOPUS PMS\",\"description\":\"\",\"publisher\":{\"@id\":\"https:\/\/octopuspms.dk\/#organization\"},\"potentialAction\":[{\"@type\":\"SearchAction\",\"target\":{\"@type\":\"EntryPoint\",\"urlTemplate\":\"https:\/\/octopuspms.dk\/?s={search_term_string}\"},\"query-input\":{\"@type\":\"PropertyValueSpecification\",\"valueRequired\":true,\"valueName\":\"search_term_string\"}}],\"inLanguage\":\"en-GB\"},{\"@type\":\"Organization\",\"@id\":\"https:\/\/octopuspms.dk\/#organization\",\"name\":\"OCTOPUS PMS\",\"url\":\"https:\/\/octopuspms.dk\/\",\"logo\":{\"@type\":\"ImageObject\",\"inLanguage\":\"en-GB\",\"@id\":\"https:\/\/octopuspms.dk\/#\/schema\/logo\/image\/\",\"url\":\"https:\/\/octopuspms.dk\/wp-content\/uploads\/2020\/03\/admin-ajax-1.png\",\"contentUrl\":\"https:\/\/octopuspms.dk\/wp-content\/uploads\/2020\/03\/admin-ajax-1.png\",\"width\":300,\"height\":94,\"caption\":\"OCTOPUS PMS\"},\"image\":{\"@id\":\"https:\/\/octopuspms.dk\/#\/schema\/logo\/image\/\"}}]}<\/script>\n<!-- \/ Yoast SEO plugin. -->","yoast_head_json":{"title":"Operational status - OCTOPUS PMS","description":"Contact us at 73 700 100 \u2013 we answer calls every weekday between 9 am and 3 pm and 24\/7 for urgent inquiries.","robots":{"index":"index","follow":"follow","max-snippet":"max-snippet:-1","max-image-preview":"max-image-preview:large","max-video-preview":"max-video-preview:-1"},"canonical":"https:\/\/octopuspms.dk\/en\/driftstatus\/","og_locale":"en_GB","og_type":"article","og_title":"Driftstatus - OCTOPUS PMS","og_description":"Kontakt os p\u00e5 73 700 100 \u2013 v besvarer opkald alle hverdage kl. 09-15 samt 24\/7 ved presserende henvendelser.","og_url":"https:\/\/octopuspms.dk\/en\/driftstatus\/","og_site_name":"OCTOPUS PMS","article_modified_time":"2026-04-18T00:11:51+00:00","og_image":[{"width":834,"height":576,"url":"https:\/\/octopuspms.dk\/wp-content\/uploads\/2025\/06\/OCTOPUS_Aabningstider__09-15-1-1.png","type":"image\/png"}],"twitter_card":"summary_large_image","twitter_misc":{"Estimated reading time":"1 minute"},"schema":{"@context":"https:\/\/schema.org","@graph":[{"@type":"WebPage","@id":"https:\/\/octopuspms.dk\/driftstatus\/","url":"https:\/\/octopuspms.dk\/driftstatus\/","name":"Operational status - OCTOPUS PMS","isPartOf":{"@id":"https:\/\/octopuspms.dk\/#website"},"primaryImageOfPage":{"@id":"https:\/\/octopuspms.dk\/driftstatus\/#primaryimage"},"image":{"@id":"https:\/\/octopuspms.dk\/driftstatus\/#primaryimage"},"thumbnailUrl":"https:\/\/octopuspms.dk\/wp-content\/uploads\/2025\/06\/OCTOPUS_Aabningstider__09-15-1-1.png","datePublished":"2025-08-07T07:42:00+00:00","dateModified":"2026-04-18T00:11:51+00:00","description":"Contact us at 73 700 100 \u2013 we answer calls every weekday between 9 am and 3 pm and 24\/7 for urgent inquiries.","breadcrumb":{"@id":"https:\/\/octopuspms.dk\/driftstatus\/#breadcrumb"},"inLanguage":"en-GB","potentialAction":[{"@type":"ReadAction","target":["https:\/\/octopuspms.dk\/driftstatus\/"]}]},{"@type":"ImageObject","inLanguage":"en-GB","@id":"https:\/\/octopuspms.dk\/driftstatus\/#primaryimage","url":"https:\/\/octopuspms.dk\/wp-content\/uploads\/2025\/06\/OCTOPUS_Aabningstider__09-15-1-1.png","contentUrl":"https:\/\/octopuspms.dk\/wp-content\/uploads\/2025\/06\/OCTOPUS_Aabningstider__09-15-1-1.png"},{"@type":"BreadcrumbList","@id":"https:\/\/octopuspms.dk\/driftstatus\/#breadcrumb","itemListElement":[{"@type":"ListItem","position":1,"name":"Hjem","item":"https:\/\/octopuspms.dk\/"},{"@type":"ListItem","position":2,"name":"Driftstatus"}]},{"@type":"WebSite","@id":"https:\/\/octopuspms.dk\/#website","url":"https:\/\/octopuspms.dk\/","name":"OCTOPUS PMS","description":"","publisher":{"@id":"https:\/\/octopuspms.dk\/#organization"},"potentialAction":[{"@type":"SearchAction","target":{"@type":"EntryPoint","urlTemplate":"https:\/\/octopuspms.dk\/?s={search_term_string}"},"query-input":{"@type":"PropertyValueSpecification","valueRequired":true,"valueName":"search_term_string"}}],"inLanguage":"en-GB"},{"@type":"Organization","@id":"https:\/\/octopuspms.dk\/#organization","name":"OCTOPUS PMS","url":"https:\/\/octopuspms.dk\/","logo":{"@type":"ImageObject","inLanguage":"en-GB","@id":"https:\/\/octopuspms.dk\/#\/schema\/logo\/image\/","url":"https:\/\/octopuspms.dk\/wp-content\/uploads\/2020\/03\/admin-ajax-1.png","contentUrl":"https:\/\/octopuspms.dk\/wp-content\/uploads\/2020\/03\/admin-ajax-1.png","width":300,"height":94,"caption":"OCTOPUS PMS"},"image":{"@id":"https:\/\/octopuspms.dk\/#\/schema\/logo\/image\/"}}]}},"_links":{"self":[{"href":"https:\/\/octopuspms.dk\/en\/wp-json\/wp\/v2\/pages\/27285","targetHints":{"allow":["GET"]}}],"collection":[{"href":"https:\/\/octopuspms.dk\/en\/wp-json\/wp\/v2\/pages"}],"about":[{"href":"https:\/\/octopuspms.dk\/en\/wp-json\/wp\/v2\/types\/page"}],"author":[{"embeddable":true,"href":"https:\/\/octopuspms.dk\/en\/wp-json\/wp\/v2\/users\/61"}],"replies":[{"embeddable":true,"href":"https:\/\/octopuspms.dk\/en\/wp-json\/wp\/v2\/comments?post=27285"}],"version-history":[{"count":6,"href":"https:\/\/octopuspms.dk\/en\/wp-json\/wp\/v2\/pages\/27285\/revisions"}],"predecessor-version":[{"id":29085,"href":"https:\/\/octopuspms.dk\/en\/wp-json\/wp\/v2\/pages\/27285\/revisions\/29085"}],"wp:attachment":[{"href":"https:\/\/octopuspms.dk\/en\/wp-json\/wp\/v2\/media?parent=27285"}],"curies":[{"name":"wp","href":"https:\/\/api.w.org\/{rel}","templated":true}]}}